{"id":59,"date":"2024-08-04T09:57:43","date_gmt":"2024-08-04T09:57:43","guid":{"rendered":"https:\/\/mediation-in-leipzig.com\/?page_id=59"},"modified":"2024-09-11T14:36:40","modified_gmt":"2024-09-11T14:36:40","slug":"angebot","status":"publish","type":"page","link":"https:\/\/mediation-in-leipzig.com\/es\/angebot\/","title":{"rendered":"Servicios"},"content":{"rendered":"<h2>Servicios<\/h2>\n<p style=\"\"><span>Como mediadora, apoyo a parejas y familias binacionales, grupos y equipos e individuos en la b\u00fasqueda de soluciones. Proporciono apoyo durante los retos y los cambios.&nbsp;<\/span><\/p>\n<p style=\"\"><span>Usted tiene una otra forma de conflicto? <a href=\"https:\/\/mediation-in-leipzig.com\/es\/kontakt\/\" style=\"outline: none;\" data-tcb_hover_state_parent=\"\">Con mucho gusto escribenme<\/a>.<\/span><\/p>\n<p><span><a href=\"https:\/\/mediation-in-leipzig.com\/es\/fuer-binationale-paare-und-familien\/\"><img decoding=\"async\" alt=\"\" data-id=\"118\" width=\"228\" data-init-width=\"1800\" height=\"228\" data-init-height=\"1800\" title=\"Paare\" loading=\"lazy\" src=\"\/\/mediation-in-leipzig.com\/wp-content\/uploads\/2024\/08\/Paare.webp\" data-width=\"228\" data-height=\"228\" style=\"aspect-ratio: auto 1800 \/ 1800;\" data-link-wrap=\"true\"><\/a><\/span><span><a href=\"https:\/\/mediation-in-leipzig.com\/es\/fuer-diverse-teams-und-gruppen\/\"><img decoding=\"async\" alt=\"\" data-id=\"119\" width=\"221\" data-init-width=\"2183\" height=\"229\" data-init-height=\"2262\" title=\"Teams\" loading=\"lazy\" src=\"\/\/mediation-in-leipzig.com\/wp-content\/uploads\/2024\/08\/Teams.webp\" data-width=\"221\" data-height=\"229\" style=\"aspect-ratio: auto 2183 \/ 2262;\" data-link-wrap=\"true\"><\/a><\/span><span><a href=\"https:\/\/mediation-in-leipzig.com\/es\/konfliktberatung-im-einzelgespraech\/\"><img decoding=\"async\" alt=\"\" data-id=\"120\" width=\"228\" data-init-width=\"1800\" height=\"228\" data-init-height=\"1800\" title=\"Personal\" loading=\"lazy\" src=\"\/\/mediation-in-leipzig.com\/wp-content\/uploads\/2024\/08\/Personal.webp\" data-width=\"228\" data-height=\"228\" style=\"aspect-ratio: auto 1800 \/ 1800;\" data-link-wrap=\"true\"><\/a><\/span><\/p>\n<p style=\"text-align: center;\"><a href=\"https:\/\/mediation-in-leipzig.com\/es\/fuer-binationale-paare-und-familien\/\" style=\"outline: none;\" data-tcb_hover_state_parent=\"\"><strong>Para parejas y familias binacionales<\/strong><\/a><\/p>\n<p style=\"text-align: center;\"><a data-tcb_hover_state_parent=\"\" href=\"https:\/\/mediation-in-leipzig.com\/es\/fuer-diverse-teams-und-gruppen\/\" style=\"outline: none;\"><strong>Para equipos y grupos diversos<\/strong><\/a><\/p>\n<p style=\"text-align: center;\"><a href=\"https:\/\/mediation-in-leipzig.com\/es\/konfliktberatung-im-einzelgespraech\/\" style=\"outline: none;\" data-tcb_hover_state_parent=\"\"><strong>Asesoramiento sobre conflictos en conversaciones individuales<\/strong><\/a><\/p>\n<h2 style=\"text-align: center;\">WIE iCH aRBEITE<\/h2>\n<p style=\"text-align: center;\">1.<\/p>\n<h5 style=\"\">Idiomas<\/h5>\n<p style=\"\">Trabajo multiling\u00fce<\/p>\n<ul>\n<li style=\"\">en alem\u00e1n<\/li>\n<li style=\"\">en ingl\u00e9s<\/li>\n<li style=\"\">en espa\u00f1ol<\/li>\n<li style=\"\">en portugu\u00e9s<\/li>\n<\/ul>\n<p style=\"text-align: center;\">2.<\/p>\n<h5 style=\"\">Esto es importante para mi<\/h5>\n<p style=\"text-align: left;\">Mi trabajo es consciente de la diversidad, incluye perspectivas cr\u00edticas con el poder, abordando con sensibilidad las experiencias de discriminaci\u00f3n.<\/p>\n<p style=\"\">BIPoC, LGBTQI+, FLINTA* bienvenidos.<\/p>\n<p style=\"\">Todas las formas de parejas y familias son bienvenidas.<\/p>\n<p style=\"text-align: center;\">3.<\/p>\n<h5 style=\"\">De forma presencial \/ online<\/h5>\n<p style=\"\">Ofrezco mediaciones en toda Alemania de forma presencial y online.<\/p>\n<h3 style=\"text-align: center;\">Concierte ahora una consulta preliminar gratuita y sin compromiso.<\/h3>","protected":false},"excerpt":{"rendered":"<p>Angebot Als Mediatorin begleitete ich binationale Paare und Familien, Gruppen und Teams und Einzelpersonen beim Finden von L\u00f6sungen. Ich begleite bei Herausforderungen und Ver\u00e4nderung.&nbsp; Sie haben eine andere Art von Konflikt? Melden Sie sich gerne trotzdem. F\u00fcr binationale Paare und Familien F\u00fcr Teams und Gruppen Konfliktberatung im Einzelgespr\u00e4ch WIE iCH aRBEITE 1. Sprachen Ich arbeite [&hellip;]<\/p>\n","protected":false},"author":1,"featured_media":0,"parent":0,"menu_order":0,"comment_status":"closed","ping_status":"closed","template":"","meta":{"footnotes":""},"class_list":["post-59","page","type-page","status-publish","hentry","post-wrapper","thrv_wrapper"],"_links":{"self":[{"href":"https:\/\/mediation-in-leipzig.com\/es\/wp-json\/wp\/v2\/pages\/59","targetHints":{"allow":["GET"]}}],"collection":[{"href":"https:\/\/mediation-in-leipzig.com\/es\/wp-json\/wp\/v2\/pages"}],"about":[{"href":"https:\/\/mediation-in-leipzig.com\/es\/wp-json\/wp\/v2\/types\/page"}],"author":[{"embeddable":true,"href":"https:\/\/mediation-in-leipzig.com\/es\/wp-json\/wp\/v2\/users\/1"}],"replies":[{"embeddable":true,"href":"https:\/\/mediation-in-leipzig.com\/es\/wp-json\/wp\/v2\/comments?post=59"}],"version-history":[{"count":52,"href":"https:\/\/mediation-in-leipzig.com\/es\/wp-json\/wp\/v2\/pages\/59\/revisions"}],"predecessor-version":[{"id":613,"href":"https:\/\/mediation-in-leipzig.com\/es\/wp-json\/wp\/v2\/pages\/59\/revisions\/613"}],"wp:attachment":[{"href":"https:\/\/mediation-in-leipzig.com\/es\/wp-json\/wp\/v2\/media?parent=59"}],"curies":[{"name":"wp","href":"https:\/\/api.w.org\/{rel}","templated":true}]}}