{"id":56,"date":"2024-08-04T09:57:29","date_gmt":"2024-08-04T09:57:29","guid":{"rendered":"https:\/\/mediation-in-leipzig.com\/?page_id=56"},"modified":"2025-03-05T19:10:13","modified_gmt":"2025-03-05T19:10:13","slug":"ueber-mich","status":"publish","type":"page","link":"https:\/\/mediation-in-leipzig.com\/es\/ueber-mich\/","title":{"rendered":"Sobre m\u00ed"},"content":{"rendered":"<p><span><img decoding=\"async\" alt=\"\" data-id=\"160\" width=\"227\" data-init-width=\"2143\" height=\"271\" data-init-height=\"2560\" title=\"IMG_7062-2_geschnitten\" loading=\"lazy\" src=\"https:\/\/mediation-in-leipzig.com\/wp-content\/uploads\/2024\/08\/IMG_7062-2_geschnitten-scaled.jpg\" data-width=\"227\" data-height=\"271\" style=\"aspect-ratio: auto 2143 \/ 2560;\"><\/span><\/p>\n<h2 style=\"\">ROSA ASENDORPF&nbsp;<span>(ella)<\/span><span><\/span><\/h2>\n<p style=\"\">Hola!<\/p>\n<p style=\"text-align: justify;\">Soy Rosa Asendorpf, mediadora, gestora de sostenibilidad y directora de proyectos. Crec\u00ed en Alemania y Sud\u00e1frica. Tambi\u00e9n he vivido en Brasil y Francia.&nbsp;<\/p>\n<p style=\"text-align: justify;\">Como mediadora, tengo una actitud accesible, atenta y abierta. Por mi propia experiencia en equipos y asociaciones caracterizados por la diversidad, es importante para m\u00ed ofrecer mediaci\u00f3n en varios idiomas. Especialmente en situaciones de conflicto, puede ser \u00fatil poder expresarse en su propio idioma.<\/p>\n<p style=\"text-align: justify;\">Tambi\u00e9n he trabajado a tiempo completo en asociaciones y organizaciones durante cinco a\u00f1os. Aqu\u00ed he adquirido mucha experiencia con estructuras organizativas y, por tanto, tambi\u00e9n puedo mediar bien en conflictos de grupo a nivel de sistema.<\/p>\n<p><span><img decoding=\"async\" alt=\"\" data-id=\"216\" width=\"230\" data-init-width=\"1707\" height=\"345\" data-init-height=\"2560\" title=\"Mediation\" loading=\"lazy\" src=\"https:\/\/mediation-in-leipzig.com\/wp-content\/uploads\/2024\/08\/BIld-fuer-binationale-Paare-Seite-scaled.jpg\" data-width=\"230\" data-height=\"345\" style=\"aspect-ratio: auto 1707 \/ 2560;\"><\/span><\/p>\n<h4>Mediadora certificada<\/h4>\n<p style=\"text-align: left;\">Mediadora certificada de acuerdo con la Ley de Mediaci\u00f3n Alemana y las normas de la Asociaci\u00f3n Alemana de Mediaci\u00f3n.<\/p>\n<p style=\"text-align: left;\">Formaci\u00f3n como mediadora en&nbsp;<span style=\"color: rgb(106, 107, 108) !important;\"><a href=\"https:\/\/www.imkonsens.de\/\" style=\"outline: none;\" target=\"_blank\" data-tcb_hover_state_parent=\"\" rel=\"noopener\"><span style=\"--tcb-applied-color: rgb(106, 107, 108) !important;\">ImKonsens Mediation und Diversity<\/span><\/a><\/span><\/p>\n<p style=\"\">miembro de<\/p>\n<p><span><a href=\"https:\/\/www.bmev.de\/\" target=\"_blank\" rel=\"noopener\"><img decoding=\"async\" alt=\"\" data-id=\"601\" width=\"139\" data-init-width=\"235\" height=\"48\" data-init-height=\"81\" title=\"logo-bmev\" loading=\"lazy\" src=\"https:\/\/mediation-in-leipzig.com\/wp-content\/uploads\/2024\/09\/logo-bmev.png\" data-width=\"139\" data-height=\"48\" style=\"aspect-ratio: auto 235 \/ 81;\" data-link-wrap=\"true\"><\/a><\/span><\/p>\n<h4>Gestora de sostenibilidad<\/h4>\n<p style=\"\">Formaci\u00f3n continua como gestora de sostenibilidad con cualificaci\u00f3n certificada por T\u00dcV Rheinland<\/p>\n<h4>M\u00e1ster en Antropolog\u00eda y Ciencias Pol\u00edticas<\/h4>\n<p style=\"\">Varios a\u00f1os de experiencia profesional en \ncoordinaci\u00f3n de proyectos y en una asociaci\u00f3n de organizaciones de inmigrantes como asesora de la direcci\u00f3n y la junta directiva<\/p>\n<h2 style=\"text-align: center;\">Como trabajo<\/h2>\n<p style=\"text-align: center;\">1.<\/p>\n<h5 style=\"\">Idiomas<\/h5>\n<p style=\"\">Trabajo multiling\u00fce<\/p>\n<ul>\n<li style=\"\">en alem\u00e1n<\/li>\n<li style=\"\">en ingl\u00e9s<\/li>\n<li style=\"\">en espa\u00f1ol<\/li>\n<li style=\"\">en portugu\u00e9s<\/li>\n<\/ul>\n<p style=\"text-align: center;\">2.<\/p>\n<h5 style=\"\">Esto es importante para mi<\/h5>\n<p style=\"\">Mi trabajo es consciente de la diversidad, incluye perspectivas cr\u00edticas con el poder, abordando con sensibilidad las experiencias de discriminaci\u00f3n.<\/p>\n<p style=\"\">BIPoC, LGBTQI+, FLINTA* bienvenidos.<\/p>\n<p style=\"\">Todas las formas de parejas y familias son bienvenidas.<\/p>\n<p style=\"text-align: center;\">3.<\/p>\n<h5 style=\"\">De forma presencial \/ online<\/h5>\n<p style=\"\">Ofrezco mediaciones en toda Alemania de forma presencial y online.<\/p>\n<h3 style=\"text-align: center;\">Concierte ahora una consulta preliminar gratuita y sin compromiso.<\/h3>","protected":false},"excerpt":{"rendered":"<p>ROSA ASENDORPF&nbsp;(SIE\/IHR) Hallo! Ich bin Rosa Asendorpf. Mediatorin, Nachhaltigkeitsmanagerin und Projektmanagerin. Aufgewachsen bin ich in Deutschland und S\u00fcdafrika. Gelebt habe ich auch in Brasilien und Frankreich.&nbsp; Als Mediatorin habe ich eine zugewandte, aufmerksame und offene Haltung. Durch meine eigene Erfahrung in von Diversit\u00e4t gepr\u00e4gten Teams und Partnerschaften, ist es mir wichtig, Mediation in mehreren Sprachen [&hellip;]<\/p>\n","protected":false},"author":1,"featured_media":0,"parent":0,"menu_order":0,"comment_status":"closed","ping_status":"closed","template":"","meta":{"footnotes":""},"class_list":["post-56","page","type-page","status-publish","hentry","post-wrapper","thrv_wrapper"],"_links":{"self":[{"href":"https:\/\/mediation-in-leipzig.com\/es\/wp-json\/wp\/v2\/pages\/56","targetHints":{"allow":["GET"]}}],"collection":[{"href":"https:\/\/mediation-in-leipzig.com\/es\/wp-json\/wp\/v2\/pages"}],"about":[{"href":"https:\/\/mediation-in-leipzig.com\/es\/wp-json\/wp\/v2\/types\/page"}],"author":[{"embeddable":true,"href":"https:\/\/mediation-in-leipzig.com\/es\/wp-json\/wp\/v2\/users\/1"}],"replies":[{"embeddable":true,"href":"https:\/\/mediation-in-leipzig.com\/es\/wp-json\/wp\/v2\/comments?post=56"}],"version-history":[{"count":97,"href":"https:\/\/mediation-in-leipzig.com\/es\/wp-json\/wp\/v2\/pages\/56\/revisions"}],"predecessor-version":[{"id":616,"href":"https:\/\/mediation-in-leipzig.com\/es\/wp-json\/wp\/v2\/pages\/56\/revisions\/616"}],"wp:attachment":[{"href":"https:\/\/mediation-in-leipzig.com\/es\/wp-json\/wp\/v2\/media?parent=56"}],"curies":[{"name":"wp","href":"https:\/\/api.w.org\/{rel}","templated":true}]}}