{"id":201,"date":"2024-08-12T13:47:19","date_gmt":"2024-08-12T13:47:19","guid":{"rendered":"https:\/\/mediation-in-leipzig.com\/?page_id=201"},"modified":"2024-09-04T21:44:26","modified_gmt":"2024-09-04T21:44:26","slug":"konfliktberatung-im-einzelgespraech","status":"publish","type":"page","link":"https:\/\/mediation-in-leipzig.com\/es\/konfliktberatung-im-einzelgespraech\/","title":{"rendered":"Asesoramiento sobre conflictos en conversaciones individuales"},"content":{"rendered":"<h2 style=\"\">Asesoramiento sobre conflictos en conversaciones individuales<\/h2>\n<p style=\"text-align: justify;\">En el asesoramiento en conflictos, apoyo a una de las partes en conflicto en una conversaci\u00f3n individual para comprender mejor su conflicto y sus causas, encontrar una manera m\u00e1s f\u00e1cil de afrontarlo y obtener nuevas perspectivas sobre posibles soluciones. Para ello, utilizo varios m\u00e9todos de mediaci\u00f3n.<\/p>\n<p style=\"text-align: justify;\"><strong>El asesoramiento individual sobre conflictos puede ser \u00fatil si la otra parte o las otras partes del conflicto no se muestran abiertas a la mediaci\u00f3n.<\/strong><\/p>\n<p><span><img decoding=\"async\" alt=\"\" data-id=\"120\" width=\"427\" data-init-width=\"1800\" height=\"427\" data-init-height=\"1800\" title=\"Personal\" loading=\"lazy\" src=\"https:\/\/mediation-in-leipzig.com\/wp-content\/uploads\/2024\/08\/Personal.webp\" data-width=\"427\" data-height=\"427\" style=\"aspect-ratio: auto 1800 \/ 1800;\"><\/span><\/p>\n<h2 style=\"text-align: center;\">Como trabajo<\/h2>\n<p style=\"text-align: center;\">1.<\/p>\n<h5 style=\"\">Idiomas<\/h5>\n<p style=\"\">Trabajo multiling\u00fce<\/p>\n<ul>\n<li style=\"\">en alem\u00e1n<\/li>\n<li style=\"\">en ingl\u00e9s<\/li>\n<li style=\"\">en espa\u00f1ol<\/li>\n<li style=\"\">en portugu\u00e9s<\/li>\n<\/ul>\n<p style=\"text-align: center;\">2.<\/p>\n<h5 style=\"\">Esto es importante para mi<\/h5>\n<p style=\"\">Mi trabajo es consciente de la diversidad, incluye perspectivas cr\u00edticas con el poder, abordando con sensibilidad las experiencias de discriminaci\u00f3n.<\/p>\n<p style=\"\">BIPoC, LGBTQI+, FLINTA* bienvenidos.<\/p>\n<p style=\"\">Todas las formas de parejas y familias son bienvenidas.<\/p>\n<p style=\"text-align: center;\">3.<\/p>\n<h5 style=\"\">De forma presencial \/ online<\/h5>\n<p style=\"\">Ofrezco mediaciones en toda Alemania de forma presencial y online.<\/p>\n<h3 style=\"text-align: center;\">Concierte ahora una consulta preliminar gratuita y sin compromiso.<\/h3>","protected":false},"excerpt":{"rendered":"<p>Konfliktberatung im Einzelgespr\u00e4ch In der Konfliktberatung unterst\u00fctze ich eine der Konfliktparteien im Einzelgespr\u00e4ch dabei, ihren Konflikt und dessen Ursachen besser zu verstehen, einen leichteren Umgang mit dem Konflikt zu finden und neue Perspektiven auf m\u00f6gliche L\u00f6sungen zu bekommen. Daf\u00fcr nutze ich verschiede Methoden aus der Mediation. Eine Konfliktberatung im Einzelgespr\u00e4ch kann sinnvoll sein, wenn sich [&hellip;]<\/p>\n","protected":false},"author":1,"featured_media":0,"parent":0,"menu_order":0,"comment_status":"closed","ping_status":"closed","template":"","meta":{"footnotes":""},"class_list":["post-201","page","type-page","status-publish","hentry","post-wrapper","thrv_wrapper"],"_links":{"self":[{"href":"https:\/\/mediation-in-leipzig.com\/es\/wp-json\/wp\/v2\/pages\/201","targetHints":{"allow":["GET"]}}],"collection":[{"href":"https:\/\/mediation-in-leipzig.com\/es\/wp-json\/wp\/v2\/pages"}],"about":[{"href":"https:\/\/mediation-in-leipzig.com\/es\/wp-json\/wp\/v2\/types\/page"}],"author":[{"embeddable":true,"href":"https:\/\/mediation-in-leipzig.com\/es\/wp-json\/wp\/v2\/users\/1"}],"replies":[{"embeddable":true,"href":"https:\/\/mediation-in-leipzig.com\/es\/wp-json\/wp\/v2\/comments?post=201"}],"version-history":[{"count":18,"href":"https:\/\/mediation-in-leipzig.com\/es\/wp-json\/wp\/v2\/pages\/201\/revisions"}],"predecessor-version":[{"id":579,"href":"https:\/\/mediation-in-leipzig.com\/es\/wp-json\/wp\/v2\/pages\/201\/revisions\/579"}],"wp:attachment":[{"href":"https:\/\/mediation-in-leipzig.com\/es\/wp-json\/wp\/v2\/media?parent=201"}],"curies":[{"name":"wp","href":"https:\/\/api.w.org\/{rel}","templated":true}]}}