{"id":198,"date":"2024-08-12T13:46:50","date_gmt":"2024-08-12T13:46:50","guid":{"rendered":"https:\/\/mediation-in-leipzig.com\/?page_id=198"},"modified":"2024-09-04T21:42:02","modified_gmt":"2024-09-04T21:42:02","slug":"fuer-diverse-teams-und-gruppen","status":"publish","type":"page","link":"https:\/\/mediation-in-leipzig.com\/es\/fuer-diverse-teams-und-gruppen\/","title":{"rendered":"Para equipos y grupos diversos"},"content":{"rendered":"<h2 style=\"\">Para equipos y grupos diversos<\/h2>\n<p style=\"text-align: justify;\">Cuando surgen conflictos en equipos y grupos muy heterog\u00e9neos, la mediaci\u00f3n puede mediar y ofrecer nuevas oportunidades. A menudo se encuentran buenas soluciones cuando las personas llegan a un acuerdo desde la diversidad y  est\u00e1n dispuestas a descubrir cosas nuevas sobre s\u00ed mismas y los dem\u00e1s.<\/p>\n<p style=\"text-align: justify;\">Cuando funcionan equipos  diversos, pueden desarrollar una gran fuerza y aportar perspectivas diferentes a un todo com\u00fan.<\/p>\n<p style=\"text-align: justify;\"><strong>Como mediadora, le apoyo en el camino hacia un entorno de trabajo sostenible y agradable para todos los que quieran desarrollar todo su potencial. Las personas que trabajan en un entorno de respeto mutuo son mucho m\u00e1s felices.<\/strong><\/p>\n<p><span><img decoding=\"async\" alt=\"\" data-id=\"119\" width=\"362\" data-init-width=\"2183\" height=\"375\" data-init-height=\"2262\" title=\"Teams\" loading=\"lazy\" src=\"https:\/\/mediation-in-leipzig.com\/wp-content\/uploads\/2024\/08\/Teams.webp\" data-width=\"362\" data-height=\"375\" style=\"aspect-ratio: auto 2183 \/ 2262;\"><\/span><\/p>\n<h3 style=\"text-align: center;\">Ventajas de la mediaci\u00f3n para equipos y grupos<\/h3>\n<ul>\n<li style=\"top: -20px;\"><span style=\"\">La mediaci\u00f3n ayuda a obtener claridad sobre el conflicto y a poner las cosas en marcha de nuevo. &nbsp;<\/span><\/li>\n<li><span style=\"\">La mediaci\u00f3n crea un espacio para abordar las necesidades y aclarar los roles en el equipo o grupo.<\/span><\/li>\n<li style=\"top: -20px;\"><span style=\"\">A trav\u00e9s de la mediaci\u00f3n, los equipos\/grupos adquieren herramientas y habilidades que en un futuro pueden emplear para fortalecer la intercomunicaci\u00f3n.<\/span><\/li>\n<li style=\"top: -20px;\"><span style=\"\">La mediaci\u00f3n<strong>&nbsp;<\/strong>puede ayudar a evitar despidos o procedimientos judiciales. Esto puede ahorrar recursos y, por tanto, mucho tiempo y dinero.<\/span><\/li>\n<\/ul>\n<h2 style=\"text-align: center;\">Como trabajo<\/h2>\n<p style=\"text-align: center;\">1.<\/p>\n<h5 style=\"\">Idiomas<\/h5>\n<p style=\"\">Trabajo multiling\u00fce<\/p>\n<ul>\n<li style=\"\">en alem\u00e1n<\/li>\n<li style=\"\">en ingl\u00e9s<\/li>\n<li style=\"\">en espa\u00f1ol<\/li>\n<li style=\"\">en portugu\u00e9s<\/li>\n<\/ul>\n<p style=\"text-align: center;\">2.<\/p>\n<h5 style=\"\">Esto es importante para mi<\/h5>\n<p style=\"\">Mi trabajo es consciente de la diversidad, incluye perspectivas cr\u00edticas con el poder, abordando con sensibilidad las experiencias de discriminaci\u00f3n.<\/p>\n<p style=\"text-align: center;\">3.<\/p>\n<h5 style=\"\">De forma presencial \/ online<\/h5>\n<p style=\"\">Ofrezco mediaciones en toda Alemania de forma presencial y online.<\/p>\n<h3 style=\"text-align: center;\">Concierte ahora una consulta preliminar gratuita y sin compromiso.<\/h3>","protected":false},"excerpt":{"rendered":"<p>Mediation f\u00fcr Teams und Gruppen Wenn es in Teams und Gruppen Konflikte gibt, kann Mediation vermitteln und neue Chancen bieten. Oft entstehen gute L\u00f6sungen, wenn man sich \u00fcber Diversit\u00e4t verst\u00e4ndigt und dabei bereit ist, Neues an sich und anderen zu entdecken. Wo vielf\u00e4ltige Teams funktionieren, k\u00f6nnen sie gro\u00dfe St\u00e4rke entwickeln \u2013 und unterschiedliche Perspektiven in [&hellip;]<\/p>\n","protected":false},"author":1,"featured_media":0,"parent":0,"menu_order":0,"comment_status":"closed","ping_status":"closed","template":"","meta":{"footnotes":""},"class_list":["post-198","page","type-page","status-publish","hentry","post-wrapper","thrv_wrapper"],"_links":{"self":[{"href":"https:\/\/mediation-in-leipzig.com\/es\/wp-json\/wp\/v2\/pages\/198","targetHints":{"allow":["GET"]}}],"collection":[{"href":"https:\/\/mediation-in-leipzig.com\/es\/wp-json\/wp\/v2\/pages"}],"about":[{"href":"https:\/\/mediation-in-leipzig.com\/es\/wp-json\/wp\/v2\/types\/page"}],"author":[{"embeddable":true,"href":"https:\/\/mediation-in-leipzig.com\/es\/wp-json\/wp\/v2\/users\/1"}],"replies":[{"embeddable":true,"href":"https:\/\/mediation-in-leipzig.com\/es\/wp-json\/wp\/v2\/comments?post=198"}],"version-history":[{"count":25,"href":"https:\/\/mediation-in-leipzig.com\/es\/wp-json\/wp\/v2\/pages\/198\/revisions"}],"predecessor-version":[{"id":577,"href":"https:\/\/mediation-in-leipzig.com\/es\/wp-json\/wp\/v2\/pages\/198\/revisions\/577"}],"wp:attachment":[{"href":"https:\/\/mediation-in-leipzig.com\/es\/wp-json\/wp\/v2\/media?parent=198"}],"curies":[{"name":"wp","href":"https:\/\/api.w.org\/{rel}","templated":true}]}}