{"id":194,"date":"2024-08-12T13:44:18","date_gmt":"2024-08-12T13:44:18","guid":{"rendered":"https:\/\/mediation-in-leipzig.com\/?page_id=194"},"modified":"2024-09-04T21:40:49","modified_gmt":"2024-09-04T21:40:49","slug":"fuer-binationale-paare-und-familien","status":"publish","type":"page","link":"https:\/\/mediation-in-leipzig.com\/es\/fuer-binationale-paare-und-familien\/","title":{"rendered":"Para parejas y familias binacionales"},"content":{"rendered":"<h2 style=\"\">Para parejas y familias binacionales<\/h2>\n<p style=\"text-align: justify;\">Los conflictos en las parejas y familias se caracterizan por muchos sentimientos y recuerdos. Las parejas y familias binacionales no son todas iguales, sino muy diferentes. Tienen muchas cosas bonitas y enriquecedoras. Sin embargo, a veces se enfrentan a retos muy espec\u00edficos, adem\u00e1s de los problemas de pareja. Esto puede suponer una tensi\u00f3n especial para las personas y las relaciones.<\/p>\n<p style=\"text-align: justify;\">\n<p style=\"text-align: justify;\"><strong>Como mediadora, asumo el papel de una autoridad neutral que le apoya en la reorganizaci\u00f3n de sus conflictos. Creo el marco para que puedan escucharse en paz, comprender mejor al otro y, a continuaci\u00f3n, descubrir y acordar nuevas soluciones.<\/strong><\/p>\n<p><span><img decoding=\"async\" alt=\"\" data-id=\"118\" width=\"362\" data-init-width=\"1800\" height=\"362\" data-init-height=\"1800\" title=\"Paare\" loading=\"lazy\" src=\"https:\/\/mediation-in-leipzig.com\/wp-content\/uploads\/2024\/08\/Paare.webp\" data-width=\"362\" data-height=\"362\" style=\"aspect-ratio: auto 1800 \/ 1800;\"><\/span><\/p>\n<h3 style=\"text-align: center;\">Por ejemplo, presto apoyo en temas como:&nbsp;<\/h3>\n<ul>\n<li style=\"top: -20px;\"><span style=\"\">Diferentes perspectivas derivadas de distintas experiencias vitales &nbsp;<\/span><\/li>\n<li style=\"top: -20px;\"><span style=\"\">Decisiones vitales sobre planes de futuro y elecci\u00f3n del lugar de residencia<\/span><\/li>\n<li style=\"top: -20px;\"><span style=\"\">Dinero<\/span><\/li>\n<li style=\"top: -20px;\"><span style=\"\">Crianza de los hijos y cuidado de los ni\u00f1os<\/span><\/li>\n<li style=\"top: -20px;\"><span style=\"\">Malentendidos debidos a las barreras ling\u00fc\u00edsticas y al cambio de c\u00f3digos<\/span><\/li>\n<li style=\"top: -20px;\"><span style=\"\">Carga mental y trabajo de cuidados<\/span><\/li>\n<li style=\"top: -20px;\"><span style=\"\">Estructuras interseccionales y privilegios*<\/span><\/li>\n<li style=\"top: -20px;\"><span style=\"\">Relaciones a larga distancia<\/span><\/li>\n<li style=\"top: -20px;\"><span style=\"\">Separaci\u00f3n y custodia<\/span><\/li>\n<li style=\"top: -20px;\"><span style=\"\">Burocracia y problemas de visado*&nbsp;<\/span><\/li>\n<li><span style=\"\">*Por supuesto, la mediaci\u00f3n no puede resolver ni influir en los aspectos jur\u00eddicos, estructurales y burocr\u00e1ticos. Sin embargo, la mediaci\u00f3n puede facilitar su tratamiento: Si como pareja o familia pueden desarrollar una \"actitud com\u00fan\" frente a las presiones externas, esto refuerza la asociaci\u00f3n y el sentimiento familiar.&nbsp;<\/span><\/li>\n<\/ul>\n<h2 style=\"text-align: center;\">Como trabajo<\/h2>\n<p style=\"text-align: center;\">1.<\/p>\n<h5 style=\"\">Idiomas<\/h5>\n<p style=\"\">Trabajo multiling\u00fce<\/p>\n<ul>\n<li style=\"\">en alem\u00e1n<\/li>\n<li style=\"\">en ingl\u00e9s<\/li>\n<li style=\"\">en espa\u00f1ol<\/li>\n<li style=\"\">en portugu\u00e9s<\/li>\n<\/ul>\n<p style=\"text-align: center;\">2.<\/p>\n<h5 style=\"\">Esto es importante para mi<\/h5>\n<p style=\"\">Mi trabajo es consciente de la diversidad, incluye perspectivas cr\u00edticas con el poder, abordando con sensibilidad las experiencias de discriminaci\u00f3n.<\/p>\n<p style=\"\">BIPoC, LGBTQI+, FLINTA* bienvenidos.<\/p>\n<p style=\"\">Todas las formas de parejas y familias son bienvenidas.<\/p>\n<p style=\"text-align: center;\">3.<\/p>\n<h5 style=\"\">De forma presencial \/ online<\/h5>\n<p style=\"\">Ofrezco mediaciones en toda Alemania de forma presencial y online.<\/p>\n<h3 style=\"text-align: center;\">Concierte ahora una consulta preliminar gratuita y sin compromiso.<\/h3>","protected":false},"excerpt":{"rendered":"<p>Mediation f\u00fcr binationale Paare und Familien Konflikte in Partnerschaften und Familien sind von vielen Gef\u00fchlen und Erinnerungen gepr\u00e4gt. Binationale Paare und Familien sind nicht alle gleich, sondern sehr unterschiedlich. Sie haben sehr viel Sch\u00f6nes und Bereicherndes. Sie stehen aber manchmal auch neben Beziehungsthemen zus\u00e4tzlich vor sehr spezifischen Herausforderungen. Das kann Menschen und Beziehungen auf besondere [&hellip;]<\/p>\n","protected":false},"author":1,"featured_media":0,"parent":0,"menu_order":0,"comment_status":"closed","ping_status":"closed","template":"","meta":{"footnotes":""},"class_list":["post-194","page","type-page","status-publish","hentry","post-wrapper","thrv_wrapper"],"_links":{"self":[{"href":"https:\/\/mediation-in-leipzig.com\/es\/wp-json\/wp\/v2\/pages\/194","targetHints":{"allow":["GET"]}}],"collection":[{"href":"https:\/\/mediation-in-leipzig.com\/es\/wp-json\/wp\/v2\/pages"}],"about":[{"href":"https:\/\/mediation-in-leipzig.com\/es\/wp-json\/wp\/v2\/types\/page"}],"author":[{"embeddable":true,"href":"https:\/\/mediation-in-leipzig.com\/es\/wp-json\/wp\/v2\/users\/1"}],"replies":[{"embeddable":true,"href":"https:\/\/mediation-in-leipzig.com\/es\/wp-json\/wp\/v2\/comments?post=194"}],"version-history":[{"count":39,"href":"https:\/\/mediation-in-leipzig.com\/es\/wp-json\/wp\/v2\/pages\/194\/revisions"}],"predecessor-version":[{"id":590,"href":"https:\/\/mediation-in-leipzig.com\/es\/wp-json\/wp\/v2\/pages\/194\/revisions\/590"}],"wp:attachment":[{"href":"https:\/\/mediation-in-leipzig.com\/es\/wp-json\/wp\/v2\/media?parent=194"}],"curies":[{"name":"wp","href":"https:\/\/api.w.org\/{rel}","templated":true}]}}